{"id":108,"date":"2020-10-24T12:24:44","date_gmt":"2020-10-24T10:24:44","guid":{"rendered":"http:\/\/stephane08.fr\/?page_id=108"},"modified":"2020-11-08T13:42:15","modified_gmt":"2020-11-08T12:42:15","slug":"se-syndiquer","status":"publish","type":"page","link":"https:\/\/chooz-cgt.fr\/index.php\/se-syndiquer\/","title":{"rendered":"Se syndiquer"},"content":{"rendered":"\n<div class=\"wp-block-group alignwide\"><div class=\"wp-block-group__inner-container\"><\/div><\/div>\n\n\n<h2 style=\"text-align: center;\"><a href=\"http:\/\/stephane08.fr\/dossier%20perso\/CGT\/FD\/BULLETIN%20ADHESION%20CGT%20CHOOZ.pdf\" target=\"_blank\" rel=\"noopener noreferrer\"><strong><span style=\"color: #ff0000;\">Acc\u00e9der au formulaire d\u2019adh\u00e9sion<\/span><\/strong><\/a><span style=\"color: #ff0000;\">&nbsp;<\/span><\/h2>\n<p style=\"text-align: center;\">Tout d\u2019abord, les syndicats n\u2019existent pas sans les syndiqu\u00e9.e.s.<br data-rich-text-line-break=\"true\">En France, la Conf\u00e9d\u00e9ration G\u00e9n\u00e9rale du Travail (CGT) est la premi\u00e8re force syndicale depuis plus d\u2019un si\u00e8cle, avec 120 ans d\u2019existence (1895-2015). Mais pour qu\u2019elle le reste et devienne plus forte \u00e0 l\u2019avenir, nous avons besoin de toi !<br data-rich-text-line-break=\"true\">Il est certain que plus nous serons nombreux, plus nous serons \u00e0 m\u00eame de faire valoir nos\/tes revendications, \u00e9labor\u00e9es par les syndiqu\u00e9.e.s et<br data-rich-text-line-break=\"true\">impuls\u00e9es par les salari\u00e9.e.s.<br data-rich-text-line-break=\"true\">Comme certaines questions au sujet des syndicats reviennent souvent dans les propos des salari\u00e9.e.s, nous avons jug\u00e9 utile de r\u00e9pondre aux plus fr\u00e9quentes.<br data-rich-text-line-break=\"true\">Voici donc en 9 points les raisons qui, nous l\u2019esp\u00e9rons, te conduiront \u00e0 rejoindre notre syndicat afin d\u2019en faire le tien, car \u00e0 la CGT, c&rsquo;est le\/la syndiqu\u00e9.e acteur\/actrice qui d\u00e9finit les orientations du syndicat, ses revendications et ses actions.<\/p>\n\n\n<div class=\"wp-block-image\"><figure class=\"aligncenter size-large is-resized\"><img loading=\"lazy\" src=\"http:\/\/stephane08.fr\/wp-content\/uploads\/2020\/10\/syndiquez-vous-634x1024.jpg\" alt=\"\" class=\"wp-image-262\" width=\"655\" height=\"1057\" srcset=\"https:\/\/chooz-cgt.fr\/wp-content\/uploads\/2020\/10\/syndiquez-vous-634x1024.jpg 634w, https:\/\/chooz-cgt.fr\/wp-content\/uploads\/2020\/10\/syndiquez-vous-186x300.jpg 186w, https:\/\/chooz-cgt.fr\/wp-content\/uploads\/2020\/10\/syndiquez-vous-768x1241.jpg 768w, https:\/\/chooz-cgt.fr\/wp-content\/uploads\/2020\/10\/syndiquez-vous-951x1536.jpg 951w, https:\/\/chooz-cgt.fr\/wp-content\/uploads\/2020\/10\/syndiquez-vous-1268x2048.jpg 1268w, https:\/\/chooz-cgt.fr\/wp-content\/uploads\/2020\/10\/syndiquez-vous-scaled.jpg 1585w\" sizes=\"(max-width: 655px) 100vw, 655px\" \/><\/figure><\/div>\n\n\n\n<p><\/p>\n","protected":false},"excerpt":{"rendered":"<p>Acc\u00e9der au formulaire d\u2019adh\u00e9sion&nbsp; Tout d\u2019abord, les syndicats n\u2019existent pas sans les syndiqu\u00e9.e.s.En France, la Conf\u00e9d\u00e9ration G\u00e9n\u00e9rale du Travail (CGT) &hellip; <\/p>\n","protected":false},"author":1,"featured_media":0,"parent":0,"menu_order":0,"comment_status":"closed","ping_status":"closed","template":"","meta":{"pmpro_default_level":0},"_links":{"self":[{"href":"https:\/\/chooz-cgt.fr\/index.php\/wp-json\/wp\/v2\/pages\/108"}],"collection":[{"href":"https:\/\/chooz-cgt.fr\/index.php\/wp-json\/wp\/v2\/pages"}],"about":[{"href":"https:\/\/chooz-cgt.fr\/index.php\/wp-json\/wp\/v2\/types\/page"}],"author":[{"embeddable":true,"href":"https:\/\/chooz-cgt.fr\/index.php\/wp-json\/wp\/v2\/users\/1"}],"replies":[{"embeddable":true,"href":"https:\/\/chooz-cgt.fr\/index.php\/wp-json\/wp\/v2\/comments?post=108"}],"version-history":[{"count":26,"href":"https:\/\/chooz-cgt.fr\/index.php\/wp-json\/wp\/v2\/pages\/108\/revisions"}],"predecessor-version":[{"id":565,"href":"https:\/\/chooz-cgt.fr\/index.php\/wp-json\/wp\/v2\/pages\/108\/revisions\/565"}],"wp:attachment":[{"href":"https:\/\/chooz-cgt.fr\/index.php\/wp-json\/wp\/v2\/media?parent=108"}],"curies":[{"name":"wp","href":"https:\/\/api.w.org\/{rel}","templated":true}]}}