{"id":117,"date":"2020-10-24T12:41:19","date_gmt":"2020-10-24T10:41:19","guid":{"rendered":"http:\/\/stephane08.fr\/?page_id=117"},"modified":"2020-10-26T19:30:42","modified_gmt":"2020-10-26T18:30:42","slug":"espace-syndiques","status":"publish","type":"page","link":"https:\/\/chooz-cgt.fr\/index.php\/espace-syndiques\/","title":{"rendered":"Espace syndiqu\u00e9s"},"content":{"rendered":"\n<p style=\"font-size:18px\">Bonjour \u00e0 tous.<\/p>\n\n\n\n<p><\/p>\n\n\n\n<p style=\"font-size:18px\">Apr\u00e8s vous \u00eatre connect\u00e9, vous trouverez ici toute les informations r\u00e9serv\u00e9es \u00e0 nos syndiqu\u00e9s.<\/p>\n","protected":false},"excerpt":{"rendered":"<p>Bonjour \u00e0 tous. Apr\u00e8s vous \u00eatre connect\u00e9, vous trouverez ici toute les informations r\u00e9serv\u00e9es \u00e0 nos syndiqu\u00e9s.<\/p>\n","protected":false},"author":1,"featured_media":0,"parent":0,"menu_order":0,"comment_status":"closed","ping_status":"closed","template":"","meta":{"pmpro_default_level":0},"_links":{"self":[{"href":"https:\/\/chooz-cgt.fr\/index.php\/wp-json\/wp\/v2\/pages\/117"}],"collection":[{"href":"https:\/\/chooz-cgt.fr\/index.php\/wp-json\/wp\/v2\/pages"}],"about":[{"href":"https:\/\/chooz-cgt.fr\/index.php\/wp-json\/wp\/v2\/types\/page"}],"author":[{"embeddable":true,"href":"https:\/\/chooz-cgt.fr\/index.php\/wp-json\/wp\/v2\/users\/1"}],"replies":[{"embeddable":true,"href":"https:\/\/chooz-cgt.fr\/index.php\/wp-json\/wp\/v2\/comments?post=117"}],"version-history":[{"count":78,"href":"https:\/\/chooz-cgt.fr\/index.php\/wp-json\/wp\/v2\/pages\/117\/revisions"}],"predecessor-version":[{"id":406,"href":"https:\/\/chooz-cgt.fr\/index.php\/wp-json\/wp\/v2\/pages\/117\/revisions\/406"}],"wp:attachment":[{"href":"https:\/\/chooz-cgt.fr\/index.php\/wp-json\/wp\/v2\/media?parent=117"}],"curies":[{"name":"wp","href":"https:\/\/api.w.org\/{rel}","templated":true}]}}