{"id":319,"date":"2020-10-26T14:17:32","date_gmt":"2020-10-26T13:17:32","guid":{"rendered":"http:\/\/stephane08.fr\/?page_id=319"},"modified":"2020-10-26T18:56:09","modified_gmt":"2020-10-26T17:56:09","slug":"fd-regime-de-travail","status":"publish","type":"page","link":"https:\/\/chooz-cgt.fr\/index.php\/fd-regime-de-travail\/","title":{"rendered":"FD R\u00e9gime de travail"},"content":{"rendered":"\n<p>Apr\u00e8s vous \u00eatre connect\u00e9, vous trouverez ici toute les informations r\u00e9serv\u00e9es \u00e0 nos syndiqu\u00e9s.<\/p>\n\n\n\n\n\n<p><\/p>\n","protected":false},"excerpt":{"rendered":"<p>Apr\u00e8s vous \u00eatre connect\u00e9, vous trouverez ici toute les informations r\u00e9serv\u00e9es \u00e0 nos syndiqu\u00e9s.<\/p>\n","protected":false},"author":1,"featured_media":0,"parent":0,"menu_order":0,"comment_status":"closed","ping_status":"closed","template":"","meta":{"pmpro_default_level":0},"_links":{"self":[{"href":"https:\/\/chooz-cgt.fr\/index.php\/wp-json\/wp\/v2\/pages\/319"}],"collection":[{"href":"https:\/\/chooz-cgt.fr\/index.php\/wp-json\/wp\/v2\/pages"}],"about":[{"href":"https:\/\/chooz-cgt.fr\/index.php\/wp-json\/wp\/v2\/types\/page"}],"author":[{"embeddable":true,"href":"https:\/\/chooz-cgt.fr\/index.php\/wp-json\/wp\/v2\/users\/1"}],"replies":[{"embeddable":true,"href":"https:\/\/chooz-cgt.fr\/index.php\/wp-json\/wp\/v2\/comments?post=319"}],"version-history":[{"count":4,"href":"https:\/\/chooz-cgt.fr\/index.php\/wp-json\/wp\/v2\/pages\/319\/revisions"}],"predecessor-version":[{"id":370,"href":"https:\/\/chooz-cgt.fr\/index.php\/wp-json\/wp\/v2\/pages\/319\/revisions\/370"}],"wp:attachment":[{"href":"https:\/\/chooz-cgt.fr\/index.php\/wp-json\/wp\/v2\/media?parent=319"}],"curies":[{"name":"wp","href":"https:\/\/api.w.org\/{rel}","templated":true}]}}