{"id":387,"date":"2020-10-26T19:20:40","date_gmt":"2020-10-26T18:20:40","guid":{"rendered":"http:\/\/stephane08.fr\/?page_id=387"},"modified":"2020-10-26T19:31:54","modified_gmt":"2020-10-26T18:31:54","slug":"droits-familiaux","status":"publish","type":"page","link":"https:\/\/chooz-cgt.fr\/index.php\/droits-familiaux\/","title":{"rendered":"Droits familiaux"},"content":{"rendered":"\n<p>Apr\u00e8s vous \u00eatre connect\u00e9, vous trouverez ici toute les informations r\u00e9serv\u00e9es \u00e0 nos syndiqu\u00e9s.<\/p>\n\n\n","protected":false},"excerpt":{"rendered":"<p>Apr\u00e8s vous \u00eatre connect\u00e9, vous trouverez ici toute les informations r\u00e9serv\u00e9es \u00e0 nos syndiqu\u00e9s.<\/p>\n","protected":false},"author":1,"featured_media":0,"parent":0,"menu_order":0,"comment_status":"closed","ping_status":"closed","template":"","meta":{"pmpro_default_level":0},"_links":{"self":[{"href":"https:\/\/chooz-cgt.fr\/index.php\/wp-json\/wp\/v2\/pages\/387"}],"collection":[{"href":"https:\/\/chooz-cgt.fr\/index.php\/wp-json\/wp\/v2\/pages"}],"about":[{"href":"https:\/\/chooz-cgt.fr\/index.php\/wp-json\/wp\/v2\/types\/page"}],"author":[{"embeddable":true,"href":"https:\/\/chooz-cgt.fr\/index.php\/wp-json\/wp\/v2\/users\/1"}],"replies":[{"embeddable":true,"href":"https:\/\/chooz-cgt.fr\/index.php\/wp-json\/wp\/v2\/comments?post=387"}],"version-history":[{"count":3,"href":"https:\/\/chooz-cgt.fr\/index.php\/wp-json\/wp\/v2\/pages\/387\/revisions"}],"predecessor-version":[{"id":409,"href":"https:\/\/chooz-cgt.fr\/index.php\/wp-json\/wp\/v2\/pages\/387\/revisions\/409"}],"wp:attachment":[{"href":"https:\/\/chooz-cgt.fr\/index.php\/wp-json\/wp\/v2\/media?parent=387"}],"curies":[{"name":"wp","href":"https:\/\/api.w.org\/{rel}","templated":true}]}}